{"id":6779,"date":"2021-03-13T22:56:15","date_gmt":"2021-03-13T21:56:15","guid":{"rendered":"https:\/\/vvww.abonnement-iptv.net\/?post_type=product&amp;p=6779"},"modified":"2021-03-13T22:56:15","modified_gmt":"2021-03-13T21:56:15","slug":"abonnement-iptv-vip-smarters-player-lite","status":"publish","type":"product","link":"https:\/\/abiptv.net\/index.php\/produit\/abonnement-iptv-vip-smarters-player-lite\/","title":{"rendered":"Abonnement VIP++ Apple TV \/ iOS &#8211; 12 Mois"},"content":{"rendered":"<p>ABONNEMENT IPTV SUR Apple TV \/ iPhone \/ iPad<br \/>\nCompatible avec toutes les appareils iOS (iPhone \/ iPad \/ Mac \/ Apple TV)<br \/>\nVous pouvez utiliser l\u2019application IPTV-Smarters Player ou GSE SMART IPTV<\/p>\n<ul>\n<li>Pack de chaines mondiales complet<\/li>\n<li><strong>+9500<\/strong> cha\u00eenes en direct<\/li>\n<li>Qualit\u00e9s disponibles: <strong>4K (UHD) \/ Full HD \/ HD \/ SD<\/strong><\/li>\n<li><strong>48000 <\/strong>films et s\u00e9ries disponibles<\/li>\n<li>Derni\u00e8res VOD a jour<\/li>\n<li>Contenu <strong>NETFLIX AMAZON DISNEY+<\/strong><\/li>\n<li>Serveur de Streaming Puissant<\/li>\n<li>Compatible avec tous les appareils<\/li>\n<li>Support 7j\/7<\/li>\n<\/ul>\n<p style=\"text-align: center;\"><strong>Aussi vous pouvez commander L\u2019abonnement Full HD sur Smarters Player Lite ou L&rsquo;abonnement HD sur Smarters Player Lite<\/strong><\/p>\n<p style=\"text-align: center;\"><a href=\"\/product\/abonnement-hd-apple-tv\/\" target=\"_blank\" rel=\"noopener\">Abonnement IPTV HD &#8211; 12 Mois<\/a><\/p>\n<p style=\"text-align: center;\"><a href=\"\/product\/abonnement-fhd-iptv-apple-tv-iphone-ipad\/\" target=\"_blank\" rel=\"noopener\">Abonnement IPTV Full HD &#8211; 12 Mois<\/a><\/p>\n<h2 style=\"text-align: center;\">Abonnement IPTV Smarters Player Lite<\/h2>\n<p><a href=\"https:\/\/ww.ab-iptv.net\/\" target=\"_blank\" rel=\"noopener\">www.ab-iptv.net<\/a> est un fournisseur de services de t\u00e9l\u00e9vision en streaming de haute qualit\u00e9 qui propose un abonnement IPTV Full HD de premier ordre. Ce service est con\u00e7u pour les amateurs de t\u00e9l\u00e9vision qui recherchent une exp\u00e9rience de diffusion de qualit\u00e9 sup\u00e9rieure. Abonnement IPTV sur Smarters Player Lite sur iPhone ou sur les appareils Apple.<\/p>\n<p>Notre service est con\u00e7u pour \u00eatre facile \u00e0 utiliser et accessible depuis n&rsquo;importe quel appareil compatible avec IPTV Smarters, y compris les t\u00e9l\u00e9visions connect\u00e9es, les smartphones, les tablettes et les ordinateurs. Vous pouvez \u00e9galement enregistrer vos \u00e9missions pr\u00e9f\u00e9r\u00e9es pour les regarder plus tard, et m\u00eame profiter de la diffusion en direct de vos \u00e9v\u00e9nements sportifs pr\u00e9f\u00e9r\u00e9s.<\/p>\n<p>Alors pourquoi attendre ? Abonnez-vous d\u00e8s maintenant \u00e0 <a href=\"\/product\/abonnement-vip-apple-tv-ios-12-mois\/\" target=\"_blank\" rel=\"noopener\">IPTV VIP Smarters Player Lite<\/a> et d\u00e9couvrez la meilleure exp\u00e9rience de t\u00e9l\u00e9vision en streaming !<\/p>\n<h3 id=\"h-installation-de-l-application-iptv-smarters-sur-iphone\">Installation de l\u2019application Smarters Player Lite sur Apple TV, iPhone ou iPad:<\/h3>\n<p>Pour installer IPTV Smarters pro ou\u00a0<strong>Smarters Player Lite<\/strong>\u00a0sur votre Apple TV, iPhone, iPad suivez les \u00e9tapes suivantes:<\/p>\n<ul>\n<li>Allez sur Apple Store .<\/li>\n<li>Effectuez une recherche en tapant \u00ab\u00a0Smarters Player Lite\u00bb.<\/li>\n<li>Vous pouvez \u00e9galement la trouver directement \u00e0 l\u2019adresse suivante : \u00a0<a href=\"https:\/\/apps.apple.com\/in\/app\/smarters-player-lite\/id1628995509\" target=\"_blank\" rel=\"noreferrer noopener\"><mark class=\"has-inline-color has-vivid-cyan-blue-color\">https:\/\/apps.apple.com\/in\/app\/smarters-player-lite\/id1628995509<\/mark><\/a><\/li>\n<li>T\u00e9l\u00e9chargez l\u2019application.<\/li>\n<\/ul>\n<h3 id=\"h-configuration-de-l-abonnement-iptv-smarters-pro\">Configuration de l\u2019Abonnement IPTV sur Smarters Player:<\/h3>\n<ul>\n<li>Saisissez n\u2019importe quel nom dans la premi\u00e8re case (par exemple,\u00a0<a href=\"https:\/\/www.ab-iptv.net\/\">Ab-iptv.net<\/a>).<\/li>\n<li>Entrez le nom d\u2019utilisateur dans la deuxi\u00e8me case.<\/li>\n<li>Entrez le mot de passe dans la troisi\u00e8me case (<strong>en respectant les majuscules<\/strong>).<\/li>\n<li>Entez le Lien (URL) dans la quatri\u00e8me case. (http:\/\/\u2026\u2026\u2026\u2026\u2026:XXXX)<\/li>\n<li>Cliquez sur \u00ab\u00a0Ajouter un utilisateur\u00a0\u00bb ou (ADD USER).<\/li>\n<li>Attendez le chargement de la liste de cha\u00eenes.<\/li>\n<\/ul>\n<h3 id=\"h-telecharger-l-application-iptv-smarters-sur-divers-appareils\">T\u00e9l\u00e9charger l\u2019application IPTV Smarters sur divers appareils:<\/h3>\n<ul>\n<li>IPTV Smarters sur Pc (Ordinateur Windows)\u00a0<mark class=\"has-inline-color has-white-color\"><a href=\"https:\/\/www.ab-iptv.net\/apps\/IPTVSmartersPro.exe\">T\u00e9l\u00e9charger<\/a><\/mark><\/li>\n<li>Smarters Player Lite sur Apple Store (iPhone, iPad, Apple TV\u00a0<mark><mark class=\"has-inline-color has-white-color\"><a href=\"https:\/\/apps.apple.com\/in\/app\/smarters-player-lite\/id1628995509\">T\u00e9l\u00e9charger<\/a><\/mark><\/mark><\/li>\n<li>IPTV Smarters Android (Utiliser L\u2019application SAB Player)\u00a0<mark><mark class=\"has-inline-color has-white-color\"><a href=\"https:\/\/play.google.com\/store\/apps\/details?id=com.sabiptv.sabiptviptvbox&amp;hl=fr\">T\u00e9l\u00e9charger<\/a><\/mark><\/mark><\/li>\n<\/ul>\n<p>&nbsp;<\/p>\n<h3>Fonctionnalit\u00e9s:<\/h3>\n<p><a href=\"\/product-category\/code-iptv-smarters-2023\/\" target=\"_blank\" rel=\"noreferrer noopener\">Abonnement IPTV Smarters Player Lite<\/a>: IPTV Smarters offre une gamme plus large de fonctionnalit\u00e9s, notamment la prise en charge des listes de lecture M3U, des liens Xtream-Codes API, la fonction EPG, la fonction de contr\u00f4le parental, et la possibilit\u00e9 d\u2019enregistrer des programmes pour les regarder ult\u00e9rieurement (enregistrement sur le dispositif de l\u2019utilisateur).<\/p>\n<h3>Compatibilit\u00e9:<\/h3>\n<p>IPTV Smarters: Cette application est disponible pour plusieurs plateformes, y compris Android, iOS, Windows et MacOS. Cela permet aux utilisateurs de profiter de l\u2019exp\u00e9rience IPTV sur diff\u00e9rents dispositifs.<\/p>\n","protected":false},"excerpt":{"rendered":"<p>Compatible avec toutes les appareils iOS (iPhone \/ iPad \/ Mac \/ Apple TV)<\/p>\n","protected":false},"featured_media":6653,"comment_status":"open","ping_status":"closed","template":"","meta":[],"product_cat":[159,96],"product_tag":[160],"class_list":{"0":"post-6779","1":"product","2":"type-product","3":"status-publish","4":"has-post-thumbnail","6":"product_cat-abonnement-iptv-sur-appareil-apple","7":"product_cat-vip","8":"product_tag-apple-iptv","10":"first","11":"instock","12":"sale","13":"virtual","14":"purchasable","15":"product-type-simple"},"jetpack_sharing_enabled":true,"_links":{"self":[{"href":"https:\/\/abiptv.net\/index.php\/wp-json\/wp\/v2\/product\/6779","targetHints":{"allow":["GET"]}}],"collection":[{"href":"https:\/\/abiptv.net\/index.php\/wp-json\/wp\/v2\/product"}],"about":[{"href":"https:\/\/abiptv.net\/index.php\/wp-json\/wp\/v2\/types\/product"}],"replies":[{"embeddable":true,"href":"https:\/\/abiptv.net\/index.php\/wp-json\/wp\/v2\/comments?post=6779"}],"version-history":[{"count":0,"href":"https:\/\/abiptv.net\/index.php\/wp-json\/wp\/v2\/product\/6779\/revisions"}],"wp:featuredmedia":[{"embeddable":true,"href":"https:\/\/abiptv.net\/index.php\/wp-json\/wp\/v2\/media\/6653"}],"wp:attachment":[{"href":"https:\/\/abiptv.net\/index.php\/wp-json\/wp\/v2\/media?parent=6779"}],"wp:term":[{"taxonomy":"product_cat","embeddable":true,"href":"https:\/\/abiptv.net\/index.php\/wp-json\/wp\/v2\/product_cat?post=6779"},{"taxonomy":"product_tag","embeddable":true,"href":"https:\/\/abiptv.net\/index.php\/wp-json\/wp\/v2\/product_tag?post=6779"}],"curies":[{"name":"wp","href":"https:\/\/api.w.org\/{rel}","templated":true}]}}