{"id":6776,"date":"2021-03-13T22:46:21","date_gmt":"2021-03-13T21:46:21","guid":{"rendered":"https:\/\/vvww.abonnement-iptv.net\/?post_type=product&amp;p=6776"},"modified":"2021-03-13T22:46:21","modified_gmt":"2021-03-13T21:46:21","slug":"meilleur-abonnement-iptv-sur-duplexplay","status":"publish","type":"product","link":"https:\/\/abiptv.net\/index.php\/produit\/meilleur-abonnement-iptv-sur-duplexplay\/","title":{"rendered":"Abonnement VIP++ DuplexPlay &#8211; 12 Mois"},"content":{"rendered":"<p>L\u2019application DuplexPlay est disponible dans le plupart des Smart TV .<\/p>\n<ul>\n<li>Pack de chaines mondiales<\/li>\n<li>7800 Chaines<\/li>\n<li>25000 VOD (Films et S\u00e9ries)<\/li>\n<li>Dernieres VOD a jour<\/li>\n<li>EPG Disponibles<\/li>\n<li>Serveur de Streaming Puissant<\/li>\n<li>Compatible avec tous les appareils<\/li>\n<li>Support 7j\/7<\/li>\n<\/ul>\n<p>D\u00e9couvrez le meilleur IPTV de 2023 avec notre abonnement IPTV. Avec notre service IPTV m3u, vous pouvez acc\u00e9der \u00e0 une liste impressionnante de cha\u00eenes IPTV en direct et en streaming. Profitez d&rsquo;une qualit\u00e9 de diffusion exceptionnelle sur votre Smart TV ou votre appareil Android et Mag Box. Abonnez-vous d\u00e8s maintenant pour une exp\u00e9rience de visionnage inoubliable.<\/p>\n<p>De plus, le service propose une interface utilisateur facile \u00e0 utiliser et une grande qualit\u00e9 de diffusion en continu, ce qui en fait un choix populaire pour les amateurs de t\u00e9l\u00e9vision en direct.<\/p>\n<p>DuplexPlay ou Duplex IPTV est une application de streaming en ligne qui vous permet de diffuser des cha\u00eenes TV en direct, des s\u00e9ries et des films sur votre t\u00e9l\u00e9viseur intelligent. Il vous permet de charger votre propre liste de cha\u00eenes et de profiter de la diffusion en continu de votre contenu pr\u00e9f\u00e9r\u00e9 en qualit\u00e9 haute d\u00e9finition. L&rsquo;application offre une interface conviviale et intuitive pour naviguer \u00e0 travers les diff\u00e9rentes cat\u00e9gories de contenu, et il est possible de personnaliser les options de lecture en fonction de vos pr\u00e9f\u00e9rences. DuplexPlay est compatible avec de nombreux mod\u00e8les de t\u00e9l\u00e9viseurs intelligents, notamment les mod\u00e8les Samsung, LG, Sony et Philips. En somme, Duplex Play ou Duplex IPTV est une excellente option pour les amateurs de streaming qui cherchent une exp\u00e9rience de visionnage de qualit\u00e9 sup\u00e9rieure sur leur t\u00e9l\u00e9viseur intelligent.<\/p>\n<p>Les t\u00e9l\u00e9viseurs intelligents et les appareils pris en charge peuvent \u00eatre activ\u00e9s moyennant des frais annuel pour chaque t\u00e9l\u00e9viseur\/appareil.<\/p>\n<p><span data-text-color=\"alert\"><strong>Tr\u00e8s important! Aucun abonnement n&rsquo;est fourni avec le paiement d&rsquo;activation. Pour activer l&rsquo;application DuplexPlay aller sur ce lien: <a href=\"https:\/\/www.ab-iptv.net\/product\/duplexplay-activation\">https:\/\/www.ab-iptv.net\/product\/duplexplay-activation<\/a> .<\/strong><\/span><\/p>\n<p>Alors pourquoi attendre ? Abonnez vous d\u00e8s maintenant \u00e0\u00a0<a href=\"https:\/\/www.ab-iptv.net\/product-category\/dplex-iptv\/\" target=\"_blank\" rel=\"noopener\">Duplex IPTV<\/a>\u00a0et d\u00e9couvrez la meilleure exp\u00e9rience de t\u00e9l\u00e9vision en streaming !<\/p>\n<p>Meilleur IPTV liste en 2023 : Abonnement Duplex IPTV Premium sur Duplex Play en 2023.<\/p>\n","protected":false},"excerpt":{"rendered":"<p>DuplexPlay est une application disponible dans le plupart des Smart TV<\/p>\n","protected":false},"featured_media":6644,"comment_status":"open","ping_status":"closed","template":"","meta":[],"product_cat":[144,96],"product_tag":[71,145,72,73,146,147,148,149,150,151,152,153,154,155,156,157,158,95,75,78,90,91,82,92,84,85,88],"class_list":{"0":"post-6776","1":"product","2":"type-product","3":"status-publish","4":"has-post-thumbnail","6":"product_cat-duplex-iptv-activation","7":"product_cat-vip","8":"product_tag-abonnement-iptv-en-ligne","9":"product_tag-activation-duplex-play","10":"product_tag-chaines-francaises","11":"product_tag-chaines-iptv","12":"product_tag-duplex-iptv-player","13":"product_tag-duplex-play","14":"product_tag-duplex-play-activation","15":"product_tag-duplex-play-activation-paiement","16":"product_tag-duplex-play-apk","17":"product_tag-duplex-play-app","18":"product_tag-duplex-play-code","19":"product_tag-duplex-play-edit","20":"product_tag-duplex-play-iptv","21":"product_tag-duplex-play-playlist","22":"product_tag-duplex-play-samsung","23":"product_tag-edit-duplex-play","24":"product_tag-how-to-activate-duplex-play-on-smart-tv","25":"product_tag-iptv-box","26":"product_tag-iptv-france","27":"product_tag-iptv-premium","28":"product_tag-iptv-smarters","29":"product_tag-listes-de-lecture-personnalisees","30":"product_tag-meilleur-iptv","31":"product_tag-qualite-hd","32":"product_tag-regarder-la-tv-en-direct","33":"product_tag-smart-iptv","34":"product_tag-streaming-en-direct","36":"first","37":"instock","38":"sale","39":"virtual","40":"purchasable","41":"product-type-simple"},"jetpack_sharing_enabled":true,"_links":{"self":[{"href":"https:\/\/abiptv.net\/index.php\/wp-json\/wp\/v2\/product\/6776","targetHints":{"allow":["GET"]}}],"collection":[{"href":"https:\/\/abiptv.net\/index.php\/wp-json\/wp\/v2\/product"}],"about":[{"href":"https:\/\/abiptv.net\/index.php\/wp-json\/wp\/v2\/types\/product"}],"replies":[{"embeddable":true,"href":"https:\/\/abiptv.net\/index.php\/wp-json\/wp\/v2\/comments?post=6776"}],"version-history":[{"count":0,"href":"https:\/\/abiptv.net\/index.php\/wp-json\/wp\/v2\/product\/6776\/revisions"}],"wp:featuredmedia":[{"embeddable":true,"href":"https:\/\/abiptv.net\/index.php\/wp-json\/wp\/v2\/media\/6644"}],"wp:attachment":[{"href":"https:\/\/abiptv.net\/index.php\/wp-json\/wp\/v2\/media?parent=6776"}],"wp:term":[{"taxonomy":"product_cat","embeddable":true,"href":"https:\/\/abiptv.net\/index.php\/wp-json\/wp\/v2\/product_cat?post=6776"},{"taxonomy":"product_tag","embeddable":true,"href":"https:\/\/abiptv.net\/index.php\/wp-json\/wp\/v2\/product_tag?post=6776"}],"curies":[{"name":"wp","href":"https:\/\/api.w.org\/{rel}","templated":true}]}}