{"id":3528,"date":"2020-08-19T13:43:25","date_gmt":"2020-08-19T11:43:25","guid":{"rendered":"https:\/\/abonnement-iptv.net\/?post_type=product&amp;p=3528"},"modified":"2020-08-19T13:43:25","modified_gmt":"2020-08-19T11:43:25","slug":"abonnement-hd-set-iptv-12-mois","status":"publish","type":"product","link":"https:\/\/abiptv.net\/index.php\/produit\/abonnement-hd-set-iptv-12-mois\/","title":{"rendered":"Abonnement HD Set IPTV \u2013 12 Mois"},"content":{"rendered":"<p>Set IPTV est une application compatibles avec Samsung SMART TV, LG Smart TV pour IPTV. Elle permet \u00e0 ses utilisateurs d\u2019avoir acc\u00e8s \u00e0 un tr\u00e8s grand nombre de cha\u00eenes. Playlist Set IPTV en <strong>HD Full HD et 4K<\/strong><\/p>\n<ul>\n<li>Pack de chaines mondiales<\/li>\n<li>2500 Chaines<\/li>\n<li>2300 VOD (Films et S\u00e9ries)<\/li>\n<li>Dernieres VOD a jour<\/li>\n<li>EPG Disponibles<\/li>\n<li>Serveur de Streaming Puissant<\/li>\n<li>Compatible avec tous les appareils<\/li>\n<li>Support 7j\/7<\/li>\n<\/ul>\n<p>Setiptv est un service d&rsquo;abonnement IPTV qui vous permet de regarder des cha\u00eenes de t\u00e9l\u00e9vision en direct, des films et des s\u00e9ries t\u00e9l\u00e9vis\u00e9es sur n&rsquo;importe quel appareil connect\u00e9 \u00e0 Internet. Avec Setiptv, vous pouvez acc\u00e9der \u00e0 une grande vari\u00e9t\u00e9 de cha\u00eenes de t\u00e9l\u00e9vision, y compris des cha\u00eenes nationales, internationales, sportives et de divertissement. Vous pouvez \u00e9galement regarder des films et des s\u00e9ries t\u00e9l\u00e9vis\u00e9es \u00e0 la demande, et m\u00eame enregistrer vos \u00e9missions pr\u00e9f\u00e9r\u00e9es pour les regarder plus tard.<\/p>\n<p>Setiptv est un service facile \u00e0 utiliser et abordable. Vous pouvez vous abonner \u00e0 Setiptv pour une dur\u00e9e mensuelle, trimestrielle ou annuelle. Une fois que vous avez souscrit \u00e0 un abonnement, vous recevrez vos identifiants de connexion et vous pourrez commencer \u00e0 regarder Setiptv imm\u00e9diatement.<\/p>\n<p>Setiptv est un excellent moyen de regarder vos cha\u00eenes de t\u00e9l\u00e9vision pr\u00e9f\u00e9r\u00e9es, des films et des s\u00e9ries t\u00e9l\u00e9vis\u00e9es. Avec Setiptv, vous pouvez regarder vos programmes pr\u00e9f\u00e9r\u00e9s n&rsquo;importe o\u00f9, n&rsquo;importe quand.<\/p>\n<p>Voici quelques-uns des avantages de l&rsquo;utilisation de Setiptv\u00a0:<\/p>\n<ul>\n<li>Acc\u00e9dez \u00e0 une grande vari\u00e9t\u00e9 de cha\u00eenes de t\u00e9l\u00e9vision, y compris des cha\u00eenes nationales, internationales, sportives et de divertissement.<\/li>\n<li>Regardez des films et des s\u00e9ries t\u00e9l\u00e9vis\u00e9es \u00e0 la demande.<\/li>\n<li>Enregistrez vos \u00e9missions pr\u00e9f\u00e9r\u00e9es pour les regarder plus tard.<\/li>\n<li>Service facile \u00e0 utiliser et abordable.<\/li>\n<\/ul>\n<p>Si vous recherchez un service d&rsquo;abonnement IPTV, Setiptv est une excellente option. Avec Setiptv, vous pouvez regarder vos cha\u00eenes de t\u00e9l\u00e9vision pr\u00e9f\u00e9r\u00e9es, des films et des s\u00e9ries t\u00e9l\u00e9vis\u00e9es n&rsquo;importe o\u00f9, n&rsquo;importe quand.<\/p>\n","protected":false},"excerpt":{"rendered":"<p>Set IPTV est une application compatibles avec Samsung SMART TV, LG Smart TV pour IPTV. Elle permet \u00e0 ses utilisateurs<\/p>\n","protected":false},"featured_media":2922,"comment_status":"open","ping_status":"closed","template":"","meta":[],"product_cat":[76,140],"product_tag":[71,72,73,95,75,78,90,91,82,92,84,142,85,88],"class_list":{"0":"post-3528","1":"product","2":"type-product","3":"status-publish","4":"has-post-thumbnail","6":"product_cat-hd","7":"product_cat-setiptv","8":"product_tag-abonnement-iptv-en-ligne","9":"product_tag-chaines-francaises","10":"product_tag-chaines-iptv","11":"product_tag-iptv-box","12":"product_tag-iptv-france","13":"product_tag-iptv-premium","14":"product_tag-iptv-smarters","15":"product_tag-listes-de-lecture-personnalisees","16":"product_tag-meilleur-iptv","17":"product_tag-qualite-hd","18":"product_tag-regarder-la-tv-en-direct","19":"product_tag-set-iptv","20":"product_tag-smart-iptv","21":"product_tag-streaming-en-direct","23":"first","24":"instock","25":"sale","26":"virtual","27":"purchasable","28":"product-type-simple"},"jetpack_sharing_enabled":true,"_links":{"self":[{"href":"https:\/\/abiptv.net\/index.php\/wp-json\/wp\/v2\/product\/3528","targetHints":{"allow":["GET"]}}],"collection":[{"href":"https:\/\/abiptv.net\/index.php\/wp-json\/wp\/v2\/product"}],"about":[{"href":"https:\/\/abiptv.net\/index.php\/wp-json\/wp\/v2\/types\/product"}],"replies":[{"embeddable":true,"href":"https:\/\/abiptv.net\/index.php\/wp-json\/wp\/v2\/comments?post=3528"}],"version-history":[{"count":0,"href":"https:\/\/abiptv.net\/index.php\/wp-json\/wp\/v2\/product\/3528\/revisions"}],"wp:featuredmedia":[{"embeddable":true,"href":"https:\/\/abiptv.net\/index.php\/wp-json\/wp\/v2\/media\/2922"}],"wp:attachment":[{"href":"https:\/\/abiptv.net\/index.php\/wp-json\/wp\/v2\/media?parent=3528"}],"wp:term":[{"taxonomy":"product_cat","embeddable":true,"href":"https:\/\/abiptv.net\/index.php\/wp-json\/wp\/v2\/product_cat?post=3528"},{"taxonomy":"product_tag","embeddable":true,"href":"https:\/\/abiptv.net\/index.php\/wp-json\/wp\/v2\/product_tag?post=3528"}],"curies":[{"name":"wp","href":"https:\/\/api.w.org\/{rel}","templated":true}]}}