{"id":2789,"date":"2020-05-11T05:28:50","date_gmt":"2020-05-11T03:28:50","guid":{"rendered":"https:\/\/iptv-smart.org\/?post_type=product&amp;p=2789"},"modified":"2024-12-08T22:18:11","modified_gmt":"2024-12-08T21:18:11","slug":"meilleurs-iptv-full-hd-sur-sab-iptv-france","status":"publish","type":"product","link":"https:\/\/abiptv.net\/index.php\/produit\/meilleurs-iptv-full-hd-sur-sab-iptv-france\/","title":{"rendered":"Abonnement SAB IPTV Player Full HD \u2013 12 Mois"},"content":{"rendered":"<p>Obtenez un acc\u00e8s illimit\u00e9 aux cha\u00eenes premium en Full HD. Meilleurs IPTV Full HD sur SAB IPTV en France, de films, de s\u00e9ries, de sports, etc. sur votre t\u00e9l\u00e9viseur ou appareil mobile sans coupures ni interruption.<\/p>\n<ul>\n<li style=\"list-style-type: none;\">\n<ul>\n<li>Pack de chaines mondiales complet<\/li>\n<li><strong>+5000<\/strong> cha\u00eenes en direct<\/li>\n<li>Qualit\u00e9s disponibles: <strong>H265 \/ Full HD \/ HD \/ SD<\/strong><\/li>\n<li><strong>9400 <\/strong>films et s\u00e9ries disponibles<\/li>\n<li>Derni\u00e8res VOD a jour<\/li>\n<li>Contenu <strong>NETFLIX AMAZON DISNEY+<\/strong><\/li>\n<li>Serveur de Streaming Puissant<\/li>\n<li>Compatible avec tous les appareils<\/li>\n<li>Support 7j\/7<\/li>\n<\/ul>\n<\/li>\n<\/ul>\n<p style=\"text-align: center;\"><strong>Aussi vous pouvez commander L\u2019abonnement HD SAB IPTV PLAYER ou SAB IPTV PLAYER VIP++<\/strong><\/p>\n<h2 style=\"text-align: center;\"><a href=\"https:\/\/www.ab-iptv.net\/product\/meilleurs-iptv-hd-sur-sab-iptv-player-en-france\/\" target=\"_blank\" rel=\"noopener\">Abonnement SAB IPTV Player HD<\/a><\/h2>\n<h2 style=\"text-align: center;\"><a href=\"https:\/\/www.ab-iptv.net\/product\/abonnement-sab-iptv-player-vip-12-mois\/\" target=\"_blank\" rel=\"noopener\">Abonnement VIP++ SAB IPTV Player<\/a><\/h2>\n<p><em><strong><a href=\"https:\/\/www.ab-iptv.net\/\" target=\"_blank\" rel=\"noopener\">www.ab-iptv.net<\/a><\/strong><\/em> est un fournisseur de services de t\u00e9l\u00e9vision en streaming de haute qualit\u00e9 qui propose un abonnement IPTV Full HD de premier ordre. Ce service est con\u00e7u pour les amateurs de t\u00e9l\u00e9vision qui recherchent une exp\u00e9rience de diffusion de qualit\u00e9 sup\u00e9rieure.<\/p>\n<p>Avec l&rsquo;Abonnement SAB IPTV Full HD ou IPTV Pro, vous pouvez acc\u00e9der \u00e0 un large \u00e9ventail de cha\u00eenes premium de t\u00e9l\u00e9vision nationales et internationales en haute d\u00e9finition sans avoir besoin d&rsquo;un c\u00e2ble ou d&rsquo;une antenne parabolique. De plus, le service propose une interface utilisateur facile \u00e0 utiliser et une grande qualit\u00e9 de diffusion en continu, ce qui en fait un choix populaire pour les amateurs de t\u00e9l\u00e9vision en direct.<\/p>\n<p>Notre service est con\u00e7u pour \u00eatre facile \u00e0 utiliser et accessible depuis n&rsquo;importe quel appareil Android compatible avec SAB PLAYER, y compris les t\u00e9l\u00e9visions connect\u00e9es, les smartphones et les tablettes. Vous pouvez \u00e9galement enregistrer vos \u00e9missions pr\u00e9f\u00e9r\u00e9es pour les regarder plus tard, et m\u00eame profiter de la diffusion en direct de vos \u00e9v\u00e9nements sportifs pr\u00e9f\u00e9r\u00e9s.<\/p>\n<p>L\u2019application SAB IPTV ou SAB PLAYER est disponible sur Google Play Store<\/p>\n<p>Alors pourquoi attendre ? Abonnez vous d\u00e8s maintenant \u00e0 <a href=\"https:\/\/www.ab-iptv.net\/product\/abonnement-sab-iptv-player-full-hd-12-mois\/\" target=\"_blank\" rel=\"noopener\">SAB IPTV PLAYER Full HD<\/a> et d\u00e9couvrez la meilleure exp\u00e9rience de t\u00e9l\u00e9vision en streaming !<\/p>\n","protected":false},"excerpt":{"rendered":"<p>L\u2019application SAB IPTV PLYER est disponible sur Google Play Store<\/p>\n","protected":false},"featured_media":2996,"comment_status":"open","ping_status":"closed","template":"","meta":[],"product_cat":[89,103],"product_tag":[71,72,73,95,75,78,102,90,91,82,92,84,93,104,105,109,111,85,88],"class_list":{"0":"post-2789","1":"product","2":"type-product","3":"status-publish","4":"has-post-thumbnail","6":"product_cat-meilleur-fournisseur-iptv-full-hd","7":"product_cat-abonnement-sab-iptv-player","8":"product_tag-abonnement-iptv-en-ligne","9":"product_tag-chaines-francaises","10":"product_tag-chaines-iptv","11":"product_tag-iptv-box","12":"product_tag-iptv-france","13":"product_tag-iptv-premium","14":"product_tag-iptv-sab","15":"product_tag-iptv-smarters","16":"product_tag-listes-de-lecture-personnalisees","17":"product_tag-meilleur-iptv","18":"product_tag-qualite-hd","19":"product_tag-regarder-la-tv-en-direct","20":"product_tag-sab-iptv","21":"product_tag-sab-iptv-player","22":"product_tag-sab-iptv-pour-iphone","23":"product_tag-sabiptv","24":"product_tag-sabtv","25":"product_tag-smart-iptv","26":"product_tag-streaming-en-direct","28":"first","29":"instock","30":"sale","31":"shipping-taxable","32":"purchasable","33":"product-type-simple"},"jetpack_sharing_enabled":true,"_links":{"self":[{"href":"https:\/\/abiptv.net\/index.php\/wp-json\/wp\/v2\/product\/2789","targetHints":{"allow":["GET"]}}],"collection":[{"href":"https:\/\/abiptv.net\/index.php\/wp-json\/wp\/v2\/product"}],"about":[{"href":"https:\/\/abiptv.net\/index.php\/wp-json\/wp\/v2\/types\/product"}],"replies":[{"embeddable":true,"href":"https:\/\/abiptv.net\/index.php\/wp-json\/wp\/v2\/comments?post=2789"}],"version-history":[{"count":0,"href":"https:\/\/abiptv.net\/index.php\/wp-json\/wp\/v2\/product\/2789\/revisions"}],"wp:featuredmedia":[{"embeddable":true,"href":"https:\/\/abiptv.net\/index.php\/wp-json\/wp\/v2\/media\/2996"}],"wp:attachment":[{"href":"https:\/\/abiptv.net\/index.php\/wp-json\/wp\/v2\/media?parent=2789"}],"wp:term":[{"taxonomy":"product_cat","embeddable":true,"href":"https:\/\/abiptv.net\/index.php\/wp-json\/wp\/v2\/product_cat?post=2789"},{"taxonomy":"product_tag","embeddable":true,"href":"https:\/\/abiptv.net\/index.php\/wp-json\/wp\/v2\/product_tag?post=2789"}],"curies":[{"name":"wp","href":"https:\/\/api.w.org\/{rel}","templated":true}]}}