{"id":2776,"date":"2020-05-11T04:55:15","date_gmt":"2020-05-11T02:55:15","guid":{"rendered":"https:\/\/iptv-smart.org\/?post_type=product&amp;p=2776"},"modified":"2024-12-08T22:18:11","modified_gmt":"2024-12-08T21:18:11","slug":"meilleur-service-iptv-full-hd-en-france-sur-smarters-player-lite","status":"publish","type":"product","link":"https:\/\/abiptv.net\/index.php\/produit\/meilleur-service-iptv-full-hd-en-france-sur-smarters-player-lite\/","title":{"rendered":"Abonnement Full HD IPTV Smarters Pro &#8211; 12 Mois"},"content":{"rendered":"<p>Obtenez un acc\u00e8s illimit\u00e9 aux cha\u00eenes premium en Full HD. Profitez de la diffusion en direct de vos \u00e9missions de t\u00e9l\u00e9vision pr\u00e9f\u00e9r\u00e9es, de films, de s\u00e9ries, de sports, etc. sur votre t\u00e9l\u00e9viseur ou appareil mobile sans coupures ni interruption.<\/p>\n<ul>\n<li>Pack de chaines mondiales complet<\/li>\n<li><strong>+4500<\/strong> cha\u00eenes en direct<\/li>\n<li>Qualit\u00e9s disponibles: <strong>Full HD \/ HD \/ SD<\/strong><\/li>\n<li><strong>6000 <\/strong>films et s\u00e9ries disponibles<\/li>\n<li>Derni\u00e8res VOD a jour<\/li>\n<li>Contenu <strong>NETFLIX AMAZON DISNEY+<\/strong><\/li>\n<li>Serveur de Streaming Puissant<\/li>\n<li>Compatible avec tous les appareils<\/li>\n<li>Support 7j\/7<\/li>\n<\/ul>\n<p style=\"text-align: center;\"><strong>Aussi vous pouvez commander L\u2019abonnement Full HD sur Smarters Player Lite ou L&rsquo;abonnement VIP sur Smarters PLAYER Lite<\/strong><\/p>\n<p style=\"text-align: center;\"><a href=\"https:\/\/www.ab-iptv.net\/product\/meilleur-abonnement-iptv-hd-sur-iptv-smarters-player-lite\/\" target=\"_blank\" rel=\"noopener\">Abonnement IPTV Smarters Player HD<\/a><\/p>\n<p style=\"text-align: center;\"><a href=\"https:\/\/www.ab-iptv.net\/product\/abonnement-vip-iptv-smarters-pro-12-mois\/\" target=\"_blank\" rel=\"noopener\">Abonnement IPTV Smarters VIP++<\/a><\/p>\n<h2 style=\"text-align: center;\">Abonnement IPTV sur Smarters Player<\/h2>\n<p><a href=\"https:\/\/www.ab-iptv.net\/\" target=\"_blank\" rel=\"noopener\">www.ab-iptv.net<\/a> est un fournisseur de services de t\u00e9l\u00e9vision en streaming de haute qualit\u00e9 qui propose un abonnement IPTV HD de premier ordre. Ce service est con\u00e7u pour les amateurs de t\u00e9l\u00e9vision qui recherchent une exp\u00e9rience de diffusion de qualit\u00e9 sup\u00e9rieure. Abonnement IPTV sur Smarters Player Lite sur iPhone ou sur les appareils Apple.<\/p>\n<p>Notre service est con\u00e7u pour \u00eatre facile \u00e0 utiliser et accessible depuis n&rsquo;importe quel appareil compatible avec IPTV Smarters, y compris les t\u00e9l\u00e9visions connect\u00e9es, les smartphones, les tablettes et les ordinateurs. Vous pouvez \u00e9galement enregistrer vos \u00e9missions pr\u00e9f\u00e9r\u00e9es pour les regarder plus tard, et m\u00eame profiter de la diffusion en direct de vos \u00e9v\u00e9nements sportifs pr\u00e9f\u00e9r\u00e9s.<\/p>\n<p>Alors pourquoi attendre ? Abonnez-vous d\u00e8s maintenant \u00e0 <a href=\"https:\/\/www.ab-iptv.net\/product\/meilleurs-services-iptv-full-hd-en-france-sur-iptv-smarters\/\" target=\"_blank\" rel=\"noopener\">IPTV Smarters Player Full HD<\/a> et d\u00e9couvrez la meilleure exp\u00e9rience de t\u00e9l\u00e9vision en streaming !<\/p>\n<h3 id=\"h-installation-de-l-application-iptv-smarters-sur-iphone\">Installation de l\u2019application IPTV Smarters sur iPhone:<\/h3>\n<p>Pour installer IPTV Smarters pro ou\u00a0<strong>Smarters Player Lite<\/strong>\u00a0sur votre Apple TV, iPhone, iPad suivez les \u00e9tapes suivantes:<\/p>\n<ul>\n<li>Allez sur Apple Store .<\/li>\n<li>Effectuez une recherche en tapant \u00ab\u00a0Smarters Player Lite\u00bb.<\/li>\n<li>Vous pouvez \u00e9galement la trouver directement \u00e0 l\u2019adresse suivante : \u00a0<a href=\"https:\/\/apps.apple.com\/in\/app\/smarters-player-lite\/id1628995509\" target=\"_blank\" rel=\"noreferrer noopener\"><mark class=\"has-inline-color has-vivid-cyan-blue-color\">https:\/\/apps.apple.com\/in\/app\/smarters-player-lite\/id1628995509<\/mark><\/a><\/li>\n<li>T\u00e9l\u00e9chargez l\u2019application.<\/li>\n<\/ul>\n<h3 id=\"h-configuration-de-l-abonnement-iptv-smarters-pro\">Configuration de l\u2019Abonnement IPTV sur Smarters Player:<\/h3>\n<ul>\n<li>Saisissez n\u2019importe quel nom dans la premi\u00e8re case (par exemple,\u00a0<a href=\"https:\/\/www.ab-iptv.net\/\">Ab-iptv.net<\/a>).<\/li>\n<li>Entrez le nom d\u2019utilisateur dans la deuxi\u00e8me case.<\/li>\n<li>Entrez le mot de passe dans la troisi\u00e8me case (<strong>en respectant les majuscules<\/strong>).<\/li>\n<li>Entez le Lien (URL) dans la quatri\u00e8me case. (http:\/\/\u2026\u2026\u2026\u2026\u2026:XXXX)<\/li>\n<li>Cliquez sur \u00ab\u00a0Ajouter un utilisateur\u00a0\u00bb ou (ADD USER).<\/li>\n<li>Attendez le chargement de la liste de cha\u00eenes.<\/li>\n<\/ul>\n<h3 id=\"h-telecharger-l-application-iptv-smarters-sur-divers-appareils\">T\u00e9l\u00e9charger l\u2019application IPTV Smarters sur divers appareils:<\/h3>\n<ul>\n<li>IPTV Smarters sur Pc (Ordinateur Windows)\u00a0<mark class=\"has-inline-color has-white-color\"><a href=\"https:\/\/www.ab-iptv.net\/apps\/IPTVSmartersPro.exe\">T\u00e9l\u00e9charger<\/a><\/mark><\/li>\n<li>Smarters Player Lite sur Apple Store (iPhone, iPad, Apple TV\u00a0<mark><mark class=\"has-inline-color has-white-color\"><a href=\"https:\/\/apps.apple.com\/in\/app\/smarters-player-lite\/id1628995509\">T\u00e9l\u00e9charger<\/a><\/mark><\/mark><\/li>\n<li>IPTV Smarters Android (Utiliser L\u2019application SAB Player)\u00a0<mark><mark class=\"has-inline-color has-white-color\"><a href=\"https:\/\/play.google.com\/store\/apps\/details?id=com.sabiptv.sabiptviptvbox&amp;hl=fr\">T\u00e9l\u00e9charger<\/a><\/mark><\/mark><\/li>\n<\/ul>\n<p>&nbsp;<\/p>\n<h3>Fonctionnalit\u00e9s:<\/h3>\n<p><a href=\"https:\/\/www.ab-iptv.net\/product-category\/code-iptv-smarters-2023\/\" target=\"_blank\" rel=\"noreferrer noopener\">IPTV Smarters<\/a>: IPTV Smarters offre une gamme plus large de fonctionnalit\u00e9s, notamment la prise en charge des listes de lecture M3U, des liens Xtream-Codes API, la fonction EPG, la fonction de contr\u00f4le parental, et la possibilit\u00e9 d\u2019enregistrer des programmes pour les regarder ult\u00e9rieurement (enregistrement sur le dispositif de l\u2019utilisateur).<\/p>\n<h3>Compatibilit\u00e9:<\/h3>\n<p>IPTV Smarters: Cette application est disponible pour plusieurs plateformes, y compris Android, iOS, Windows et MacOS. Cela permet aux utilisateurs de profiter de l\u2019exp\u00e9rience IPTV sur diff\u00e9rents dispositifs.<\/p>\n","protected":false},"excerpt":{"rendered":"<p>Meilleur IPTV Full HD sur IPTV Smarters en France et Belgique<br \/>\nL\u2019application IPTV Smarters Player est disponible sur Google Play Store et Apple Store<\/p>\n","protected":false},"featured_media":2997,"comment_status":"open","ping_status":"closed","template":"","meta":[],"product_cat":[89,98],"product_tag":[71,72,73,95,75,78,90,91,82,92,84,85,88],"class_list":{"0":"post-2776","1":"product","2":"type-product","3":"status-publish","4":"has-post-thumbnail","6":"product_cat-meilleur-fournisseur-iptv-full-hd","7":"product_cat-code-iptv-smarters-2023","8":"product_tag-abonnement-iptv-en-ligne","9":"product_tag-chaines-francaises","10":"product_tag-chaines-iptv","11":"product_tag-iptv-box","12":"product_tag-iptv-france","13":"product_tag-iptv-premium","14":"product_tag-iptv-smarters","15":"product_tag-listes-de-lecture-personnalisees","16":"product_tag-meilleur-iptv","17":"product_tag-qualite-hd","18":"product_tag-regarder-la-tv-en-direct","19":"product_tag-smart-iptv","20":"product_tag-streaming-en-direct","22":"first","23":"instock","24":"sale","25":"virtual","26":"purchasable","27":"product-type-simple"},"jetpack_sharing_enabled":true,"_links":{"self":[{"href":"https:\/\/abiptv.net\/index.php\/wp-json\/wp\/v2\/product\/2776","targetHints":{"allow":["GET"]}}],"collection":[{"href":"https:\/\/abiptv.net\/index.php\/wp-json\/wp\/v2\/product"}],"about":[{"href":"https:\/\/abiptv.net\/index.php\/wp-json\/wp\/v2\/types\/product"}],"replies":[{"embeddable":true,"href":"https:\/\/abiptv.net\/index.php\/wp-json\/wp\/v2\/comments?post=2776"}],"version-history":[{"count":0,"href":"https:\/\/abiptv.net\/index.php\/wp-json\/wp\/v2\/product\/2776\/revisions"}],"wp:featuredmedia":[{"embeddable":true,"href":"https:\/\/abiptv.net\/index.php\/wp-json\/wp\/v2\/media\/2997"}],"wp:attachment":[{"href":"https:\/\/abiptv.net\/index.php\/wp-json\/wp\/v2\/media?parent=2776"}],"wp:term":[{"taxonomy":"product_cat","embeddable":true,"href":"https:\/\/abiptv.net\/index.php\/wp-json\/wp\/v2\/product_cat?post=2776"},{"taxonomy":"product_tag","embeddable":true,"href":"https:\/\/abiptv.net\/index.php\/wp-json\/wp\/v2\/product_tag?post=2776"}],"curies":[{"name":"wp","href":"https:\/\/api.w.org\/{rel}","templated":true}]}}