{"id":2768,"date":"2020-05-11T04:08:36","date_gmt":"2020-05-11T02:08:36","guid":{"rendered":"https:\/\/iptv-smart.org\/?post_type=product&amp;p=2768"},"modified":"2024-12-08T22:18:11","modified_gmt":"2024-12-08T21:18:11","slug":"abonnement-smart-iptv-hd-12-mois","status":"publish","type":"product","link":"https:\/\/abiptv.net\/index.php\/produit\/abonnement-smart-iptv-hd-12-mois\/","title":{"rendered":"Abonnement HD SMART IPTV &#8211; 12 Mois"},"content":{"rendered":"<p>Obtenez un acc\u00e8s illimit\u00e9 aux cha\u00eenes premium en HD. Profitez de la diffusion en direct de vos \u00e9missions de t\u00e9l\u00e9vision pr\u00e9f\u00e9r\u00e9es, de films, de s\u00e9ries, de sports, etc. sur votre t\u00e9l\u00e9viseur ou appareil mobile sans coupures ni interruption.<\/p>\n<ul>\n<li style=\"list-style-type: none;\">\n<ul>\n<li>Pack de chaines mondiales complet<\/li>\n<li><strong>+3500<\/strong> cha\u00eenes en direct<\/li>\n<li>Qualit\u00e9s disponibles: <strong>H265 \/ Full HD \/ HD \/ SD<\/strong><\/li>\n<li><strong>5000 <\/strong>films et s\u00e9ries disponibles<\/li>\n<li>Derni\u00e8res VOD a jour<\/li>\n<li>Contenu <strong>NETFLIX AMAZON DISNEY+<\/strong><\/li>\n<li>Serveur de Streaming Puissant<\/li>\n<li>Compatible avec tous les appareils<\/li>\n<li>Support 7j\/7<\/li>\n<\/ul>\n<\/li>\n<\/ul>\n<p style=\"text-align: center;\"><strong>Aussi vous pouvez commander L\u2019abonnement SMART IPTV VIP ou SMART IPTV FULL HD<\/strong><\/p>\n<p style=\"text-align: center;\"><a href=\"https:\/\/www.ab-iptv.net\/product\/abonnement-vip-smart-iptv-12-mois\/\" target=\"_blank\" rel=\"noopener\">Abonnement Smart IPTV Premium<\/a><\/p>\n<p style=\"text-align: center;\"><a href=\"https:\/\/www.ab-iptv.net\/product\/abonnement-full-hd-smart-iptv-12-mois\/\" target=\"_blank\" rel=\"noopener\">Abonnement Smart IPTV Full HD<\/a><\/p>\n<p><em><strong><a href=\"https:\/\/www.ab-iptv.net\/\" target=\"_blank\" rel=\"noopener\">www.ab-iptv.net<\/a><\/strong><\/em> est un fournisseur de services de t\u00e9l\u00e9vision en streaming de haute qualit\u00e9 qui propose un abonnement IPTV VIP ou IPTV Premium de premier ordre. Ce service est con\u00e7u pour les amateurs de t\u00e9l\u00e9vision qui recherchent une exp\u00e9rience de diffusion de qualit\u00e9 sup\u00e9rieure.<\/p>\n<p>Avec l&rsquo;Abonnement SMART IPTV HD, vous pouvez acc\u00e9der \u00e0 un large \u00e9ventail de cha\u00eenes premium de t\u00e9l\u00e9vision nationales et internationales en haute d\u00e9finition sans avoir besoin d&rsquo;un c\u00e2ble ou d&rsquo;une antenne parabolique. De plus, le service propose une interface utilisateur facile \u00e0 utiliser et une grande qualit\u00e9 de diffusion en continu, ce qui en fait un choix populaire pour les amateurs de t\u00e9l\u00e9vision en direct.<\/p>\n<p>Notre service est con\u00e7u pour \u00eatre facile \u00e0 utiliser et accessible depuis n&rsquo;importe quel appareil Android compatible avec SMART IPTV, y compris les t\u00e9l\u00e9visions connect\u00e9es SmartTV, les smartphones et les tablettes. Vous pouvez \u00e9galement enregistrer vos \u00e9missions pr\u00e9f\u00e9r\u00e9es pour les regarder plus tard, et m\u00eame profiter de la diffusion en direct de vos \u00e9v\u00e9nements sportifs pr\u00e9f\u00e9r\u00e9s.<\/p>\n<p>SMART IPTV est disponible sur les Smart TV et les Bo\u00eetiers TV.<\/p>\n<p>Alors pourquoi attendre ? Abonnez vous d\u00e8s maintenant \u00e0 <a href=\"https:\/\/www.ab-iptv.net\/product\/abonnement-hd-smart-iptv-12-mois\/\" target=\"_blank\" rel=\"noopener\">Abonnement Smart IPTV HD<\/a>\u00a0et d\u00e9couvrez la meilleure exp\u00e9rience de t\u00e9l\u00e9vision en streaming !<\/p>\n","protected":false},"excerpt":{"rendered":"<p>Smart IPTV est une application disponible sur les Smart TV<\/p>\n","protected":false},"featured_media":2998,"comment_status":"open","ping_status":"closed","template":"","meta":[],"product_cat":[76,86],"product_tag":[71,72,73,74,75,77,78,79,80,81,82,83,84,85,87,88],"class_list":{"0":"post-2768","1":"product","2":"type-product","3":"status-publish","4":"has-post-thumbnail","6":"product_cat-hd","7":"product_cat-smart-iptv-m3u","8":"product_tag-abonnement-iptv-en-ligne","9":"product_tag-chaines-francaises","10":"product_tag-chaines-iptv","11":"product_tag-chaines-m3u","12":"product_tag-iptv-france","13":"product_tag-iptv-m3u","14":"product_tag-iptv-premium","15":"product_tag-lien-m3u","16":"product_tag-m3u","17":"product_tag-meilleur-abonnement-iptv","18":"product_tag-meilleur-iptv","19":"product_tag-playlist-m3u","20":"product_tag-regarder-la-tv-en-direct","21":"product_tag-smart-iptv","22":"product_tag-smart-iptv-m3u","23":"product_tag-streaming-en-direct","25":"first","26":"instock","27":"sale","28":"virtual","29":"purchasable","30":"product-type-simple"},"jetpack_sharing_enabled":true,"_links":{"self":[{"href":"https:\/\/abiptv.net\/index.php\/wp-json\/wp\/v2\/product\/2768","targetHints":{"allow":["GET"]}}],"collection":[{"href":"https:\/\/abiptv.net\/index.php\/wp-json\/wp\/v2\/product"}],"about":[{"href":"https:\/\/abiptv.net\/index.php\/wp-json\/wp\/v2\/types\/product"}],"replies":[{"embeddable":true,"href":"https:\/\/abiptv.net\/index.php\/wp-json\/wp\/v2\/comments?post=2768"}],"version-history":[{"count":0,"href":"https:\/\/abiptv.net\/index.php\/wp-json\/wp\/v2\/product\/2768\/revisions"}],"wp:featuredmedia":[{"embeddable":true,"href":"https:\/\/abiptv.net\/index.php\/wp-json\/wp\/v2\/media\/2998"}],"wp:attachment":[{"href":"https:\/\/abiptv.net\/index.php\/wp-json\/wp\/v2\/media?parent=2768"}],"wp:term":[{"taxonomy":"product_cat","embeddable":true,"href":"https:\/\/abiptv.net\/index.php\/wp-json\/wp\/v2\/product_cat?post=2768"},{"taxonomy":"product_tag","embeddable":true,"href":"https:\/\/abiptv.net\/index.php\/wp-json\/wp\/v2\/product_tag?post=2768"}],"curies":[{"name":"wp","href":"https:\/\/api.w.org\/{rel}","templated":true}]}}