{"id":18726,"date":"2023-01-24T09:10:24","date_gmt":"2023-01-24T08:10:24","guid":{"rendered":"https:\/\/www.ab-iptv.net\/?post_type=product&amp;p=18726"},"modified":"2023-01-24T09:10:24","modified_gmt":"2023-01-24T08:10:24","slug":"abonnement-full-hd-net-iptv-12-mois","status":"publish","type":"product","link":"https:\/\/abiptv.net\/index.php\/produit\/abonnement-full-hd-net-iptv-12-mois\/","title":{"rendered":"Abonnement Full HD NET IPTV \u2013 12 Mois"},"content":{"rendered":"<p>NET IPTV est une application compatibles avec Samsung SMART TV, LG Smart TV pour IPTV. Elle permet \u00e0 ses utilisateurs d\u2019avoir acc\u00e8s \u00e0 un tr\u00e8s grand nombre de cha\u00eenes. Playlist Set IPTV en <strong>HD Full HD et 4K<\/strong><\/p>\n<ul>\n<li>Pack de chaines mondiales<\/li>\n<li>3500 Chaines<\/li>\n<li>3000 VOD (Films et S\u00e9ries)<\/li>\n<li>Dernieres VOD a jour<\/li>\n<li>EPG Disponibles<\/li>\n<li>Serveur de Streaming Puissant<\/li>\n<li>Compatible avec tous les appareils<\/li>\n<li>Support 7j\/7<\/li>\n<\/ul>\n","protected":false},"excerpt":{"rendered":"<p>NET IPTV est une application compatibles avec Samsung SMART TV, LG Smart TV pour IPTV. Elle permet \u00e0 ses utilisateurs<\/p>\n","protected":false},"featured_media":6664,"comment_status":"open","ping_status":"closed","template":"","meta":[],"product_cat":[89,162],"product_tag":[],"class_list":{"0":"post-18726","1":"product","2":"type-product","3":"status-publish","4":"has-post-thumbnail","6":"product_cat-meilleur-fournisseur-iptv-full-hd","7":"product_cat-abonnement-netiptv","9":"first","10":"instock","11":"sale","12":"virtual","13":"purchasable","14":"product-type-simple"},"jetpack_sharing_enabled":true,"_links":{"self":[{"href":"https:\/\/abiptv.net\/index.php\/wp-json\/wp\/v2\/product\/18726","targetHints":{"allow":["GET"]}}],"collection":[{"href":"https:\/\/abiptv.net\/index.php\/wp-json\/wp\/v2\/product"}],"about":[{"href":"https:\/\/abiptv.net\/index.php\/wp-json\/wp\/v2\/types\/product"}],"replies":[{"embeddable":true,"href":"https:\/\/abiptv.net\/index.php\/wp-json\/wp\/v2\/comments?post=18726"}],"version-history":[{"count":0,"href":"https:\/\/abiptv.net\/index.php\/wp-json\/wp\/v2\/product\/18726\/revisions"}],"wp:featuredmedia":[{"embeddable":true,"href":"https:\/\/abiptv.net\/index.php\/wp-json\/wp\/v2\/media\/6664"}],"wp:attachment":[{"href":"https:\/\/abiptv.net\/index.php\/wp-json\/wp\/v2\/media?parent=18726"}],"wp:term":[{"taxonomy":"product_cat","embeddable":true,"href":"https:\/\/abiptv.net\/index.php\/wp-json\/wp\/v2\/product_cat?post=18726"},{"taxonomy":"product_tag","embeddable":true,"href":"https:\/\/abiptv.net\/index.php\/wp-json\/wp\/v2\/product_tag?post=18726"}],"curies":[{"name":"wp","href":"https:\/\/api.w.org\/{rel}","templated":true}]}}