{"id":14391,"date":"2022-01-29T14:55:35","date_gmt":"2022-01-29T13:55:35","guid":{"rendered":"https:\/\/wvvw.abonnement-iptv.net\/?post_type=product&amp;p=14391"},"modified":"2024-12-08T22:18:11","modified_gmt":"2024-12-08T21:18:11","slug":"duplexplay-activation","status":"publish","type":"product","link":"https:\/\/abiptv.net\/index.php\/produit\/duplexplay-activation\/","title":{"rendered":"DuplexPlay Activation"},"content":{"rendered":"<p><strong>Activation DuplexPlay<\/strong><\/p>\n<p>Simplifiez votre exp\u00e9rience de streaming avec l&rsquo;activation de DuplexPlay sur Ab-iptv.net. Ce produit vous permet d&rsquo;obtenir un code d&rsquo;activation pour l&rsquo;application DuplexPlay, d\u00e9bloquant ainsi un acc\u00e8s fluide et illimit\u00e9 \u00e0 vos cha\u00eenes IPTV favorites. DuplexPlay est compatible avec une vari\u00e9t\u00e9 d&rsquo;appareils, vous garantissant de ne jamais manquer vos programmes pr\u00e9f\u00e9r\u00e9s.<\/p>\n<p><strong>Veuillez noter que l&rsquo;activation de l&rsquo;application DuplexPlay ne fournit aucune cha\u00eene ni abonnement IPTV.<\/strong><\/p>\n<p>Pour ajouter un abonnement IPTV sur DuplexPlay, nous offrons trois types d&rsquo;abonnements adapt\u00e9s \u00e0 vos besoins :<\/p>\n<ul>\n<li><strong>Abonnement HD :\u00a0<\/strong>\n<ul>\n<li><strong>Prix : 59\u20ac\/an<\/strong><\/li>\n<li>Plus de 3800 cha\u00eenes en direct<\/li>\n<li>Plus de 7500 films et s\u00e9ries en VOD<\/li>\n<li>Qualit\u00e9 d&rsquo;image : HD, SD<\/li>\n<li>Compatible avec tous les appareils<\/li>\n<li>Id\u00e9al pour une exp\u00e9rience de base avec une vari\u00e9t\u00e9 de cha\u00eenes et de contenus \u00e0 un prix abordable<\/li>\n<\/ul>\n<\/li>\n<\/ul>\n<p style=\"text-align: center;\">[button text=\u00a0\u00bbCommander\u00a0\u00bb color=\u00a0\u00bbalert\u00a0\u00bb style=\u00a0\u00bboutline\u00a0\u00bb size=\u00a0\u00bbsmall\u00a0\u00bb link=\u00a0\u00bb\/product\/abonnement-hd-duplex-play-12-mois\/\u00a0\u00bb]<\/p>\n<p>&nbsp;<\/p>\n<ul>\n<li><strong>Abonnement Full HD:\u00a0<\/strong>\n<ul>\n<li><strong>Prix : 69\u20ac\/an<\/strong><\/li>\n<li>Plus de 5400 cha\u00eenes en direct<\/li>\n<li>Plus de 11500 films et s\u00e9ries en VOD<\/li>\n<li>Qualit\u00e9 d&rsquo;image : Full HD, HD<\/li>\n<li>Compatible avec tous les appareils<\/li>\n<li>Parfait pour ceux qui cherchent une meilleure qualit\u00e9 d&rsquo;image et une plus grande s\u00e9lection de contenus<\/li>\n<\/ul>\n<\/li>\n<\/ul>\n<p style=\"text-align: center;\">[button text=\u00a0\u00bbCommander\u00a0\u00bb color=\u00a0\u00bbalert\u00a0\u00bb style=\u00a0\u00bboutline\u00a0\u00bb size=\u00a0\u00bbsmall\u00a0\u00bb link=\u00a0\u00bb\/product\/abonnement-fhd-duplex-play\/\u00a0\u00bb]<\/p>\n<p>&nbsp;<\/p>\n<ul>\n<li><strong>Abonnement VIP:\u00a0<\/strong>\n<ul>\n<li><strong>Prix : 110\u20ac\/an<\/strong><\/li>\n<li>Plus de 10 000 cha\u00eenes en direct<\/li>\n<li>Plus de 55 000 films et s\u00e9ries en VOD<\/li>\n<li>Qualit\u00e9 d&rsquo;image : 4K, Full HD<\/li>\n<li>Compatible avec tous les appareils<\/li>\n<li>Inclut les cha\u00eenes premium et une vaste biblioth\u00e8que de contenus, offrant une exp\u00e9rience de visionnage ultime pour les utilisateurs exigeants<\/li>\n<\/ul>\n<\/li>\n<\/ul>\n<p style=\"text-align: center;\">[button text=\u00a0\u00bbCommander\u00a0\u00bb color=\u00a0\u00bbalert\u00a0\u00bb style=\u00a0\u00bboutline\u00a0\u00bb size=\u00a0\u00bbsmall\u00a0\u00bb link=\u00a0\u00bb\/product\/meilleur-abonnement-iptv-sur-duplexplay\/\u00a0\u00bb]<\/p>\n<p>Choisissez l&rsquo;abonnement qui vous convient le mieux et vivez une exp\u00e9rience IPTV sans pr\u00e9c\u00e9dent avec DuplexPlay.<\/p>\n","protected":false},"excerpt":{"rendered":"<p>Activation DuplexPlay Simplifiez votre exp\u00e9rience de streaming avec l&rsquo;activation de DuplexPlay sur Ab-iptv.net. Ce produit vous permet d&rsquo;obtenir un code<\/p>\n","protected":false},"featured_media":14392,"comment_status":"open","ping_status":"closed","template":"","meta":[],"product_cat":[144],"product_tag":[],"class_list":{"0":"post-14391","1":"product","2":"type-product","3":"status-publish","4":"has-post-thumbnail","6":"product_cat-duplex-iptv-activation","8":"first","9":"instock","10":"sale","11":"virtual","12":"purchasable","13":"product-type-simple"},"jetpack_sharing_enabled":true,"_links":{"self":[{"href":"https:\/\/abiptv.net\/index.php\/wp-json\/wp\/v2\/product\/14391","targetHints":{"allow":["GET"]}}],"collection":[{"href":"https:\/\/abiptv.net\/index.php\/wp-json\/wp\/v2\/product"}],"about":[{"href":"https:\/\/abiptv.net\/index.php\/wp-json\/wp\/v2\/types\/product"}],"replies":[{"embeddable":true,"href":"https:\/\/abiptv.net\/index.php\/wp-json\/wp\/v2\/comments?post=14391"}],"version-history":[{"count":0,"href":"https:\/\/abiptv.net\/index.php\/wp-json\/wp\/v2\/product\/14391\/revisions"}],"wp:featuredmedia":[{"embeddable":true,"href":"https:\/\/abiptv.net\/index.php\/wp-json\/wp\/v2\/media\/14392"}],"wp:attachment":[{"href":"https:\/\/abiptv.net\/index.php\/wp-json\/wp\/v2\/media?parent=14391"}],"wp:term":[{"taxonomy":"product_cat","embeddable":true,"href":"https:\/\/abiptv.net\/index.php\/wp-json\/wp\/v2\/product_cat?post=14391"},{"taxonomy":"product_tag","embeddable":true,"href":"https:\/\/abiptv.net\/index.php\/wp-json\/wp\/v2\/product_tag?post=14391"}],"curies":[{"name":"wp","href":"https:\/\/api.w.org\/{rel}","templated":true}]}}